{"id":348,"date":"2020-12-22T22:54:52","date_gmt":"2020-12-22T21:54:52","guid":{"rendered":"https:\/\/ski-skolaraska.rs\/coming-soon\/"},"modified":"2020-12-22T22:54:53","modified_gmt":"2020-12-22T21:54:53","slug":"coming-soon","status":"publish","type":"page","link":"https:\/\/ski-skolaraska.rs\/en\/coming-soon\/","title":{"rendered":"Coming soon"},"content":{"rendered":"<div id='av_section_1'  class='avia-section main_color avia-section-default avia-no-border-styling  av-section-color-overlay-active avia-bg-style-fixed  avia-builder-el-0  avia-builder-el-no-sibling   av-minimum-height av-minimum-height-100  container_wrap sidebar_right' style=' '   data-av_minimum_height_pc='100'><div class='av-section-color-overlay-wrap'><div class='av-section-color-overlay' style='opacity: 0.5; background-color: #ffffff; '><\/div><div class='container' ><main  role=\"main\" itemprop=\"mainContentOfPage\"  class='template-page content  av-content-small alpha units'><div class='post-entry post-entry-type-page post-entry-348'><div class='entry-content-wrapper clearfix'>\n<div  style='height:30px' class='hr hr-invisible   avia-builder-el-1  el_before_av_image  avia-builder-el-first '><span class='hr-inner ' ><span class='hr-inner-style'><\/span><\/span><\/div>\n<div  class='avia-image-container  av-styling-    avia-builder-el-2  el_after_av_hr  el_before_av_hr  avia-align-center '  itemprop=\"image\" itemscope=\"itemscope\" itemtype=\"https:\/\/schema.org\/ImageObject\"  ><div class='avia-image-container-inner'><div class='avia-image-overlay-wrap'><img class='wp-image-0 avia-img-lazy-loading-not-0 avia_image' src=\"http:\/\/raska.skiinstruktor.rs\/wp-content\/uploads\/2020\/11\/LogoFinalTBG-300x259.png\" alt='' title=''   itemprop=\"thumbnailUrl\"  \/><\/div><\/div><\/div>\n<div  style='height:50px' class='hr hr-invisible   avia-builder-el-3  el_after_av_image  el_before_av_textblock '><span class='hr-inner ' ><span class='hr-inner-style'><\/span><\/span><\/div>\n<section class=\"av_textblock_section \"  itemscope=\"itemscope\" itemtype=\"https:\/\/schema.org\/CreativeWork\" ><div class='avia_textblock  av_inherit_color '  style='color:#ff6600; '  itemprop=\"text\" ><h2 style=\"text-align: center;\">Site is in the progress&#8230;<\/h2>\n<\/div><\/section>\n<div  class='av-countdown-timer  av-align-center av-default-style  avia-builder-el-5  el_after_av_textblock  avia-builder-el-last '  data-year=' 2020' data-month='11' data-day=' 15 ' data-hour='12' data-minute='0' data-timezone='60' data-interval='60000' data-maximum='5' ><span class='av-countdown-timer-inner'><span class='av-countdown-cell av-countdown-weeks'><span class='av-countdown-cell-inner'><span class='av-countdown-time ' data-upate-width='weeks' style=''>0<\/span><span class='av-countdown-time-label ' data-label='Week' data-label-multi='Weeks'>Weeks<\/span><\/span><\/span><span class='av-countdown-cell av-countdown-days'><span class='av-countdown-cell-inner'><span class='av-countdown-time ' data-upate-width='days' style=''>0<\/span><span class='av-countdown-time-label ' data-label='Day' data-label-multi='Days'>Days<\/span><\/span><\/span><span class='av-countdown-cell av-countdown-hours'><span class='av-countdown-cell-inner'><span class='av-countdown-time ' data-upate-width='hours' style=''>0<\/span><span class='av-countdown-time-label ' data-label='Hour' data-label-multi='Hours'>Hours<\/span><\/span><\/span><span class='av-countdown-cell av-countdown-minutes'><span class='av-countdown-cell-inner'><span class='av-countdown-time ' data-upate-width='minutes' style=''>0<\/span><span class='av-countdown-time-label ' data-label='Minute' data-label-multi='Minutes'>Minutes<\/span><\/span><\/span><\/span><\/div>\n<\/div><\/div><\/main><!-- close content main element --><\/div><\/div><\/div><div id='after_section_1'  class='main_color av_default_container_wrap container_wrap sidebar_right' style=' '  ><div class='container' ><div class='template-page content  av-content-small alpha units'><div class='post-entry post-entry-type-page post-entry-348'><div class='entry-content-wrapper clearfix'>\n","protected":false},"excerpt":{"rendered":"","protected":false},"author":4,"featured_media":0,"parent":0,"menu_order":0,"comment_status":"closed","ping_status":"closed","template":"template-blank.php","meta":[],"yoast_head":"<!-- This site is optimized with the Yoast SEO plugin v17.7.1 - https:\/\/yoast.com\/wordpress\/plugins\/seo\/ -->\n<title>Coming soon - Ski \u0161kola Ra\u0161ka<\/title>\n<meta name=\"robots\" content=\"index, follow, max-snippet:-1, max-image-preview:large, max-video-preview:-1\" \/>\n<link rel=\"canonical\" href=\"https:\/\/ski-skolaraska.rs\/en\/coming-soon\/\" \/>\n<meta property=\"og:locale\" content=\"en_US\" \/>\n<meta property=\"og:type\" content=\"article\" \/>\n<meta property=\"og:title\" content=\"Coming soon - Ski \u0161kola Ra\u0161ka\" \/>\n<meta property=\"og:url\" content=\"https:\/\/ski-skolaraska.rs\/en\/coming-soon\/\" \/>\n<meta property=\"og:site_name\" content=\"Ski \u0161kola Ra\u0161ka\" \/>\n<meta property=\"article:publisher\" content=\"https:\/\/www.facebook.com\/skola.skijanja.raska\" \/>\n<meta property=\"article:modified_time\" content=\"2020-12-22T21:54:53+00:00\" \/>\n<meta name=\"twitter:card\" content=\"summary_large_image\" \/>\n<meta name=\"twitter:label1\" content=\"Est. reading time\" \/>\n\t<meta name=\"twitter:data1\" content=\"2 minutes\" \/>\n<script type=\"application\/ld+json\" class=\"yoast-schema-graph\">{\"@context\":\"https:\/\/schema.org\",\"@graph\":[{\"@type\":\"WebSite\",\"@id\":\"https:\/\/ski-skolaraska.rs\/#website\",\"url\":\"https:\/\/ski-skolaraska.rs\/\",\"name\":\"Ski \\u0161kola Ra\\u0161ka - Kopaonik\",\"description\":\"\\u0160kola skijanja Ra\\u0161ka\",\"potentialAction\":[{\"@type\":\"SearchAction\",\"target\":{\"@type\":\"EntryPoint\",\"urlTemplate\":\"https:\/\/ski-skolaraska.rs\/?s={search_term_string}\"},\"query-input\":\"required name=search_term_string\"}],\"inLanguage\":\"en-US\"},{\"@type\":\"WebPage\",\"@id\":\"https:\/\/ski-skolaraska.rs\/en\/coming-soon\/#webpage\",\"url\":\"https:\/\/ski-skolaraska.rs\/en\/coming-soon\/\",\"name\":\"Coming soon - Ski \\u0161kola Ra\\u0161ka\",\"isPartOf\":{\"@id\":\"https:\/\/ski-skolaraska.rs\/#website\"},\"datePublished\":\"2020-12-22T21:54:52+00:00\",\"dateModified\":\"2020-12-22T21:54:53+00:00\",\"breadcrumb\":{\"@id\":\"https:\/\/ski-skolaraska.rs\/en\/coming-soon\/#breadcrumb\"},\"inLanguage\":\"en-US\",\"potentialAction\":[{\"@type\":\"ReadAction\",\"target\":[\"https:\/\/ski-skolaraska.rs\/en\/coming-soon\/\"]}]},{\"@type\":\"BreadcrumbList\",\"@id\":\"https:\/\/ski-skolaraska.rs\/en\/coming-soon\/#breadcrumb\",\"itemListElement\":[{\"@type\":\"ListItem\",\"position\":1,\"name\":\"Home\",\"item\":\"https:\/\/ski-skolaraska.rs\/en\/\"},{\"@type\":\"ListItem\",\"position\":2,\"name\":\"Coming soon\"}]}]}<\/script>\n<!-- \/ Yoast SEO plugin. -->","yoast_head_json":{"title":"Coming soon - Ski \u0161kola Ra\u0161ka","robots":{"index":"index","follow":"follow","max-snippet":"max-snippet:-1","max-image-preview":"max-image-preview:large","max-video-preview":"max-video-preview:-1"},"canonical":"https:\/\/ski-skolaraska.rs\/en\/coming-soon\/","og_locale":"en_US","og_type":"article","og_title":"Coming soon - Ski \u0161kola Ra\u0161ka","og_url":"https:\/\/ski-skolaraska.rs\/en\/coming-soon\/","og_site_name":"Ski \u0161kola Ra\u0161ka","article_publisher":"https:\/\/www.facebook.com\/skola.skijanja.raska","article_modified_time":"2020-12-22T21:54:53+00:00","twitter_card":"summary_large_image","twitter_misc":{"Est. reading time":"2 minutes"},"schema":{"@context":"https:\/\/schema.org","@graph":[{"@type":"WebSite","@id":"https:\/\/ski-skolaraska.rs\/#website","url":"https:\/\/ski-skolaraska.rs\/","name":"Ski \u0161kola Ra\u0161ka - Kopaonik","description":"\u0160kola skijanja Ra\u0161ka","potentialAction":[{"@type":"SearchAction","target":{"@type":"EntryPoint","urlTemplate":"https:\/\/ski-skolaraska.rs\/?s={search_term_string}"},"query-input":"required name=search_term_string"}],"inLanguage":"en-US"},{"@type":"WebPage","@id":"https:\/\/ski-skolaraska.rs\/en\/coming-soon\/#webpage","url":"https:\/\/ski-skolaraska.rs\/en\/coming-soon\/","name":"Coming soon - Ski \u0161kola Ra\u0161ka","isPartOf":{"@id":"https:\/\/ski-skolaraska.rs\/#website"},"datePublished":"2020-12-22T21:54:52+00:00","dateModified":"2020-12-22T21:54:53+00:00","breadcrumb":{"@id":"https:\/\/ski-skolaraska.rs\/en\/coming-soon\/#breadcrumb"},"inLanguage":"en-US","potentialAction":[{"@type":"ReadAction","target":["https:\/\/ski-skolaraska.rs\/en\/coming-soon\/"]}]},{"@type":"BreadcrumbList","@id":"https:\/\/ski-skolaraska.rs\/en\/coming-soon\/#breadcrumb","itemListElement":[{"@type":"ListItem","position":1,"name":"Home","item":"https:\/\/ski-skolaraska.rs\/en\/"},{"@type":"ListItem","position":2,"name":"Coming soon"}]}]}},"_links":{"self":[{"href":"https:\/\/ski-skolaraska.rs\/en\/wp-json\/wp\/v2\/pages\/348"}],"collection":[{"href":"https:\/\/ski-skolaraska.rs\/en\/wp-json\/wp\/v2\/pages"}],"about":[{"href":"https:\/\/ski-skolaraska.rs\/en\/wp-json\/wp\/v2\/types\/page"}],"author":[{"embeddable":true,"href":"https:\/\/ski-skolaraska.rs\/en\/wp-json\/wp\/v2\/users\/4"}],"replies":[{"embeddable":true,"href":"https:\/\/ski-skolaraska.rs\/en\/wp-json\/wp\/v2\/comments?post=348"}],"version-history":[{"count":1,"href":"https:\/\/ski-skolaraska.rs\/en\/wp-json\/wp\/v2\/pages\/348\/revisions"}],"predecessor-version":[{"id":350,"href":"https:\/\/ski-skolaraska.rs\/en\/wp-json\/wp\/v2\/pages\/348\/revisions\/350"}],"wp:attachment":[{"href":"https:\/\/ski-skolaraska.rs\/en\/wp-json\/wp\/v2\/media?parent=348"}],"curies":[{"name":"wp","href":"https:\/\/api.w.org\/{rel}","templated":true}]}}